{"id":7,"date":"2015-05-20T11:42:50","date_gmt":"2015-05-20T11:42:50","guid":{"rendered":"http:\/\/masterstudy.stylemixthemes.com\/demo\/?page_id=7"},"modified":"2015-05-20T11:42:50","modified_gmt":"2015-05-20T11:42:50","slug":"my-account","status":"publish","type":"page","link":"https:\/\/erichfromm.edu.br\/?page_id=7","title":{"rendered":"My Account"},"content":{"rendered":"<div class=\"woocommerce\">\n\n<div class=\"woocommerce-notices-wrapper\"><\/div>\n\n<div class=\"row\" id=\"customer_login\">\n\n\t<div class=\"col-lg-6 col-md-6 col-sm-12 col-xs-12\">\n\n\n\t\t<form method=\"post\" class=\"login\">\n\t\t\t\n\t\t\t<h4>Login<\/h4>\n\n\t\t\t\n\t\t\t<p class=\"form-row form-row-wide\">\n\t\t\t\t<input type=\"text\" class=\"input-text\" name=\"username\" id=\"username\" value=\"\" placeholder=\"Username or email address *\" \/>\n\t\t\t<\/p>\n\t\t\t<p class=\"form-row form-row-wide\">\n\t\t\t\t<input class=\"input-text\" type=\"password\" name=\"password\" id=\"password\" placeholder=\"Password *\" \/>\n\t\t\t<\/p>\n\n\t\t\t\n\t\t\t<p class=\"form-row form-row-login\">\n\t\t\t\t<input type=\"hidden\" id=\"_wpnonce\" name=\"_wpnonce\" value=\"ec3a8905f9\" \/><input type=\"hidden\" name=\"_wp_http_referer\" value=\"\/index.php?rest_route=%2Fwp%2Fv2%2Fpages%2F7\" \/>\t\t\t\t<input type=\"submit\" class=\"button\" name=\"login\" value=\"Login\" \/>\n\t\t\t\t<label for=\"rememberme\" class=\"inline\">\n\t\t\t\t\t<input name=\"rememberme\" type=\"checkbox\" id=\"rememberme\" value=\"forever\" \/> Remember me\t\t\t\t<\/label>\n\t\t\t<\/p>\n\t\t\t<p class=\"lost_password\">\n\t\t\t\t<a href=\"https:\/\/erichfromm.edu.br\/?page_id=7&#038;lost-password\">Lost your password?<\/a>\n\t\t\t<\/p>\n\t\t\t<div class=\"clear\"><\/div>\n\n\t\t\t\n\t\t<\/form>\n\n\n\t<\/div>\n\n\t<div class=\"col-lg-6 col-md-6 col-sm-12 col-xs-12\">\n\n\t\t<form method=\"post\" class=\"register\">\n\t\t\t\n\t\t\t<h4>Register<\/h4>\n\n\t\t\t\n\t\t\t\n\t\t\t<p class=\"form-row form-row-wide\">\n\t\t\t\t<input type=\"email\" class=\"input-text\" name=\"email\" id=\"reg_email\" value=\"\" placeholder=\"Email address *\" \/>\n\t\t\t<\/p>\n\n\t\t\t\n\t\t\t<!-- Spam Trap -->\n\t\t\t<div style=\"left: -999em; position: absolute;\"><label for=\"trap\">Anti-spam<\/label><input type=\"text\" name=\"email_2\" id=\"trap\" tabindex=\"-1\" \/><\/div>\n\n\t\t\t<div class=\"woocommerce-privacy-policy-text\"><p>Seus dados pessoais ser\u00e3o usados para aprimorar a sua experi\u00eancia em todo este site, para gerenciar o acesso a sua conta e para outros prop\u00f3sitos, como descritos em nossa <a href=\"https:\/\/erichfromm.edu.br\/?page_id=3\" class=\"woocommerce-privacy-policy-link\" target=\"_blank\">privacy policy<\/a>.<\/p>\n<\/div>\t\t\t\n\t\t\t<p class=\"form-row\">\n\t\t\t\t<input type=\"hidden\" id=\"_wpnonce\" name=\"_wpnonce\" value=\"2758a41ea2\" \/><input type=\"hidden\" name=\"_wp_http_referer\" value=\"\/index.php?rest_route=%2Fwp%2Fv2%2Fpages%2F7\" \/>\t\t\t\t<input type=\"submit\" class=\"button\" name=\"register\" value=\"Register\" \/>\n\t\t\t<\/p>\n\n\t\t\t\n\t\t<\/form>\n\n\t<\/div>\n<\/div>\n\n<\/div>\n","protected":false},"excerpt":{"rendered":"Login Remember me Lost your password? Register Anti-spam Seus dados pessoais ser\u00e3o usados para aprimorar a sua experi\u00eancia em todo este site, para gerenciar o acesso a sua conta e para outros prop\u00f3sitos, como descritos em nossa privacy policy.","protected":false},"author":1,"featured_media":0,"parent":0,"menu_order":0,"comment_status":"closed","ping_status":"open","template":"","meta":{"footnotes":""},"class_list":["post-7","page","type-page","status-publish","hentry"],"_links":{"self":[{"href":"https:\/\/erichfromm.edu.br\/index.php?rest_route=\/wp\/v2\/pages\/7","targetHints":{"allow":["GET"]}}],"collection":[{"href":"https:\/\/erichfromm.edu.br\/index.php?rest_route=\/wp\/v2\/pages"}],"about":[{"href":"https:\/\/erichfromm.edu.br\/index.php?rest_route=\/wp\/v2\/types\/page"}],"author":[{"embeddable":true,"href":"https:\/\/erichfromm.edu.br\/index.php?rest_route=\/wp\/v2\/users\/1"}],"replies":[{"embeddable":true,"href":"https:\/\/erichfromm.edu.br\/index.php?rest_route=%2Fwp%2Fv2%2Fcomments&post=7"}],"version-history":[{"count":0,"href":"https:\/\/erichfromm.edu.br\/index.php?rest_route=\/wp\/v2\/pages\/7\/revisions"}],"wp:attachment":[{"href":"https:\/\/erichfromm.edu.br\/index.php?rest_route=%2Fwp%2Fv2%2Fmedia&parent=7"}],"curies":[{"name":"wp","href":"https:\/\/api.w.org\/{rel}","templated":true}]}}