{"id":8,"date":"2015-05-20T11:45:57","date_gmt":"2015-05-20T11:45:57","guid":{"rendered":"http:\/\/masterstudy.stylemixthemes.com\/demo\/?page_id=8"},"modified":"2025-02-12T14:50:53","modified_gmt":"2025-02-12T14:50:53","slug":"front-page","status":"publish","type":"page","link":"https:\/\/erichfromm.edu.br\/","title":{"rendered":"Front Page"},"content":{"rendered":"<p>[vc_row full_width=&#8221;stretch_row_content_no_spaces&#8221; css=&#8221;.vc_custom_1432531325225{margin-bottom: 0px !important;}&#8221;][vc_column][rev_slider_vc alias=&#8221;home_slider&#8221;][\/vc_column][\/vc_row][vc_row full_width=&#8221;stretch_row&#8221; css=&#8221;.vc_custom_1436163428614{margin-top: 0px !important;margin-right: 0px !important;margin-bottom: 28px !important;margin-left: 0px !important;}&#8221; el_class=&#8221;overflowed_content&#8221;][vc_column width=&#8221;1\/4&#8243; css=&#8221;.vc_custom_1677605157397{margin-top: -148px !important;padding-right: 0px !important;padding-left: 0px !important;}&#8221;][stm_icon_box icon=&#8221;fa-icon-stm_icon_graduation-hat&#8221; icon_size=&#8221;73&#8243; icon_height=&#8221;69&#8243; icon_color=&#8221;#ffffff&#8221; title=&#8221;RECONHECIDOS&#8221; box_bg_color=&#8221;#57a695&#8243; box_text_color=&#8221;#ffffff&#8221; css=&#8221;.vc_custom_1677792606237{padding-top: 30px !important;padding-right: 32px !important;padding-bottom: 50px !important;padding-left: 32px !important;}&#8221;]Todos nossos cursos s\u00e3o reconhecidos pelo MEC.[\/stm_icon_box][\/vc_column][vc_column width=&#8221;1\/4&#8243; css=&#8221;.vc_custom_1434610598979{margin-top: -148px !important;padding-right: 0px !important;padding-left: 0px !important;}&#8221;][stm_icon_box icon=&#8221;fa-icon-stm_icon_book&#8221; icon_size=&#8221;61&#8243; icon_height=&#8221;69&#8243; icon_color=&#8221;#ffffff&#8221; title=&#8221;MATERIAL DID\u00c1TICO&#8221; box_bg_color=&#8221;#727376&#8243; box_text_color=&#8221;#ffffff&#8221; css=&#8221;.vc_custom_1677792625764{padding-top: 30px !important;padding-right: 32px !important;padding-bottom: 50px !important;padding-left: 32px !important;}&#8221;]Material did\u00e1tico completo, sem custo a mais para o aluno.[\/stm_icon_box][\/vc_column][vc_column width=&#8221;1\/4&#8243; css=&#8221;.vc_custom_1434610604765{margin-top: -148px !important;padding-right: 0px !important;padding-left: 0px !important;}&#8221;][stm_icon_box icon=&#8221;fa-icon-stm_icon_diamond&#8221; icon_size=&#8221;62&#8243; icon_height=&#8221;69&#8243; icon_color=&#8221;#ffffff&#8221; title=&#8221;GRADUA\u00c7\u00d5ES&#8221; box_bg_color=&#8221;#9dd3af&#8221; box_text_color=&#8221;#ffffff&#8221;]Escolha um de nossos cursos de gradua\u00e7\u00e3o e mude de\u00a0 vida.[\/stm_icon_box][\/vc_column][vc_column width=&#8221;1\/4&#8243; css=&#8221;.vc_custom_1434610618578{margin-top: -148px !important;padding-right: 0px !important;padding-left: 0px !important;}&#8221;][stm_icon_box icon=&#8221;fa-icon-stm_icon_license&#8221; icon_size=&#8221;57&#8243; icon_height=&#8221;69&#8243; icon_color=&#8221;#ffffff&#8221; title=&#8221;DIPLOMA\u00c7\u00c3O&#8221; box_bg_color=&#8221;#57a695&#8243; box_text_color=&#8221;#ffffff&#8221;]Nova administra\u00e7\u00e3o resolvendo todas pendencias de diplomas.[\/stm_icon_box][\/vc_column][\/vc_row][vc_row css=&#8221;.vc_custom_1433832974908{margin-bottom: 50px !important;}&#8221;][vc_column][vc_custom_heading text=&#8221;CURSOS MAIS BUSCADOS&#8221; font_container=&#8221;tag:h2|font_size:32|text_align:center|line_height:48px&#8221; google_fonts=&#8221;font_family:Montserrat%3Aregular%2C700|font_style:700%20bold%20regular%3A700%3Anormal&#8221;][stm_color_separator color=&#8221;#fdc735&#8243; css=&#8221;.vc_custom_1436266264775{margin-bottom: 18px !important;}&#8221;][vc_row_inner][vc_column_inner][stm_featured_products per_row=&#8221;4&#8243; order=&#8221;ASC&#8221; orderby=&#8221;title&#8221; show_price=&#8221;&#8221;][\/vc_column_inner][\/vc_row_inner][\/vc_column][\/vc_row][vc_row][vc_column][vc_wp_text]<a href=\"https:\/\/emec.mec.gov.br\/emec\/consulta-cadastro\/detalhamento\/d96957f455f6405d14c6542552b0f6eb\/MTQ3Nw==\"><img loading=\"lazy\" decoding=\"async\" class=\"alignnone size-medium wp-image-1638 aligncenter\" src=\"https:\/\/erichfromm.edu.br\/wp-content\/uploads\/2025\/02\/emecfaculdadeercih-300x197.png\" alt=\"\" width=\"300\" height=\"197\" srcset=\"https:\/\/erichfromm.edu.br\/wp-content\/uploads\/2025\/02\/emecfaculdadeercih-300x197.png 300w, https:\/\/erichfromm.edu.br\/wp-content\/uploads\/2025\/02\/emecfaculdadeercih-768x505.png 768w, https:\/\/erichfromm.edu.br\/wp-content\/uploads\/2025\/02\/emecfaculdadeercih-600x394.png 600w, https:\/\/erichfromm.edu.br\/wp-content\/uploads\/2025\/02\/emecfaculdadeercih.png 913w\" sizes=\"auto, (max-width: 300px) 100vw, 300px\" \/><\/a>[\/vc_wp_text][\/vc_column][\/vc_row]<\/p>\n","protected":false},"excerpt":{"rendered":"<p>[vc_row full_width=&#8221;stretch_row_content_no_spaces&#8221; css=&#8221;.vc_custom_1432531325225{margin-bottom: 0px !important;}&#8221;][vc_column][rev_slider_vc alias=&#8221;home_slider&#8221;][\/vc_column][\/vc_row][vc_row full_width=&#8221;stretch_row&#8221; css=&#8221;.vc_custom_1436163428614{margin-top: 0px !important;margin-right: 0px !important;margin-bottom: 28px !important;margin-left: 0px !important;}&#8221; el_class=&#8221;overflowed_content&#8221;][vc_column width=&#8221;1\/4&#8243; css=&#8221;.vc_custom_1677605157397{margin-top: -148px !important;padding-right: 0px !important;padding-left: 0px !important;}&#8221;][stm_icon_box icon=&#8221;fa-icon-stm_icon_graduation-hat&#8221; icon_size=&#8221;73&#8243; icon_height=&#8221;69&#8243; icon_color=&#8221;#ffffff&#8221; title=&#8221;RECONHECIDOS&#8221; box_bg_color=&#8221;#57a695&#8243; box_text_color=&#8221;#ffffff&#8221; css=&#8221;.vc_custom_1677792606237{padding-top: 30px !important;padding-right: 32px !important;padding-bottom: 50px !important;padding-left: 32px !important;}&#8221;]Todos nossos cursos s\u00e3o reconhecidos pelo MEC.[\/stm_icon_box][\/vc_column][vc_column width=&#8221;1\/4&#8243; css=&#8221;.vc_custom_1434610598979{margin-top: -148px !important;padding-right: 0px !important;padding-left: 0px !important;}&#8221;][stm_icon_box [&hellip;]<\/p>\n","protected":false},"author":1,"featured_media":0,"parent":0,"menu_order":0,"comment_status":"closed","ping_status":"closed","template":"","meta":{"footnotes":""},"class_list":["post-8","page","type-page","status-publish","hentry"],"_links":{"self":[{"href":"https:\/\/erichfromm.edu.br\/index.php?rest_route=\/wp\/v2\/pages\/8","targetHints":{"allow":["GET"]}}],"collection":[{"href":"https:\/\/erichfromm.edu.br\/index.php?rest_route=\/wp\/v2\/pages"}],"about":[{"href":"https:\/\/erichfromm.edu.br\/index.php?rest_route=\/wp\/v2\/types\/page"}],"author":[{"embeddable":true,"href":"https:\/\/erichfromm.edu.br\/index.php?rest_route=\/wp\/v2\/users\/1"}],"replies":[{"embeddable":true,"href":"https:\/\/erichfromm.edu.br\/index.php?rest_route=%2Fwp%2Fv2%2Fcomments&post=8"}],"version-history":[{"count":8,"href":"https:\/\/erichfromm.edu.br\/index.php?rest_route=\/wp\/v2\/pages\/8\/revisions"}],"predecessor-version":[{"id":1639,"href":"https:\/\/erichfromm.edu.br\/index.php?rest_route=\/wp\/v2\/pages\/8\/revisions\/1639"}],"wp:attachment":[{"href":"https:\/\/erichfromm.edu.br\/index.php?rest_route=%2Fwp%2Fv2%2Fmedia&parent=8"}],"curies":[{"name":"wp","href":"https:\/\/api.w.org\/{rel}","templated":true}]}}