{"id":1595,"date":"2023-02-28T17:59:50","date_gmt":"2023-02-28T17:59:50","guid":{"rendered":"https:\/\/erichfromm.edu.br\/?post_type=product&#038;p=1595"},"modified":"2023-06-24T14:45:58","modified_gmt":"2023-06-24T14:45:58","slug":"licenciatura-em-pedagogia","status":"publish","type":"product","link":"https:\/\/erichfromm.edu.br\/?product=licenciatura-em-pedagogia","title":{"rendered":"LICENCIATURA EM PEDAGOGIA"},"content":{"rendered":"<div class=\"elementor-element elementor-element-4dda459 elementor-widget elementor-widget-elementskit-heading\" data-id=\"4dda459\" data-element_type=\"widget\" data-settings=\"{&quot;ekit_we_effect_on&quot;:&quot;none&quot;}\" data-widget_type=\"elementskit-heading.default\">\n<div class=\"elementor-widget-container\">\n<div class=\"ekit-wid-con\">\n<div class=\"ekit-heading elementskit-section-title-wraper text_left ekit_heading_tablet- ekit_heading_mobile-text_center\">\n<h2 class=\"ekit-heading--title elementskit-section-title \">Sobre o curso<\/h2>\n<\/div>\n<\/div>\n<\/div>\n<\/div>\n<div class=\"elementor-element elementor-element-7f3e591 elementor-widget elementor-widget-text-editor\" data-id=\"7f3e591\" data-element_type=\"widget\" data-settings=\"{&quot;ekit_we_effect_on&quot;:&quot;none&quot;}\" data-widget_type=\"text-editor.default\">\n<div class=\"elementor-widget-container\">\n<p>Os licenciados em Pedagogia s\u00e3o habilitados a lecionar na Educa\u00e7\u00e3o Infantil e nas quatros primeiras s\u00e9ries do Ensino Fundamental. A Pedagogia oferece, al\u00e9m do magist\u00e9rio, outras alternativas de trabalho. A Psicopedagogia tem contratado in\u00fameros profissionais para atuar no acompanhamento de estudantes com dificuldade de aprendizado e em programas de orienta\u00e7\u00e3o profissional. H\u00e1 lugar tamb\u00e9m na cria\u00e7\u00e3o de material did\u00e1tico, na produ\u00e7\u00e3o de brinquedos, nas editoras, em brinquedotecas e bibliotecas. As empresas p\u00fablicas e privadas est\u00e3o investindo cada vez mais na capacita\u00e7\u00e3o de seus funcion\u00e1rios, o que pode ampliar o mercado para os profissionais da Educa\u00e7\u00e3o.<\/p>\n<p>Realizar matricula<\/p>\n<div class=\"elementor-element elementor-element-a51f4f3 elementor-widget elementor-widget-elementskit-heading\" data-id=\"a51f4f3\" data-element_type=\"widget\" data-settings=\"{&quot;ekit_we_effect_on&quot;:&quot;none&quot;}\" data-widget_type=\"elementskit-heading.default\">\n<div class=\"elementor-widget-container\">\n<div class=\"ekit-wid-con\">\n<div class=\"ekit-heading elementskit-section-title-wraper text_left ekit_heading_tablet- ekit_heading_mobile-\">\n<h2 class=\"ekit-heading--title elementskit-section-title \">Portaria<\/h2>\n<\/div>\n<\/div>\n<\/div>\n<\/div>\n<div class=\"elementor-element elementor-element-da8324b elementor-widget elementor-widget-text-editor\" data-id=\"da8324b\" data-element_type=\"widget\" data-settings=\"{&quot;ekit_we_effect_on&quot;:&quot;none&quot;}\" data-widget_type=\"text-editor.default\">\n<div class=\"elementor-widget-container\">\n<p>Certificados validos pelo MEC, conforme portarias de autoriza\u00e7\u00e3o, recredenciamento e Renova\u00e7\u00e3o de Recredenciamento da Institui\u00e7\u00e3o junto ao Minist\u00e9rio da Educa\u00e7\u00e3o.<\/p>\n<div class=\"elementor-element elementor-element-124a8df elementor-widget elementor-widget-elementskit-heading\" data-id=\"124a8df\" data-element_type=\"widget\" data-settings=\"{&quot;ekit_we_effect_on&quot;:&quot;none&quot;}\" data-widget_type=\"elementskit-heading.default\">\n<div class=\"elementor-widget-container\">\n<div class=\"ekit-wid-con\">\n<div class=\"ekit-heading elementskit-section-title-wraper text_left ekit_heading_tablet- ekit_heading_mobile-text_center\">\n<h2 class=\"ekit-heading--title elementskit-section-title \">O profissional<\/h2>\n<\/div>\n<\/div>\n<\/div>\n<\/div>\n<div class=\"elementor-element elementor-element-780fe94 elementor-widget elementor-widget-text-editor\" data-id=\"780fe94\" data-element_type=\"widget\" data-settings=\"{&quot;ekit_we_effect_on&quot;:&quot;none&quot;}\" data-widget_type=\"text-editor.default\">\n<div class=\"elementor-widget-container\">\n<p>O profissional respons\u00e1vel por desenvolver processos de ensino-aprendizagem \u00e9 chamado de pedagogo. Ele \u00e9 especialista em Educa\u00e7\u00e3o e procura compreender as quest\u00f5es sociais relacionadas ao aluno, associando a realidade do estudante e os modelos e paradigmas sociais ao aprendizado. Dessa forma, ele contribui para a qualidade do ensino e do aprendizado, buscando fortalecer a constru\u00e7\u00e3o do conhecimento na sociedade.<\/p>\n<div class=\"elementor-element elementor-element-fed3477 elementor-widget elementor-widget-elementskit-heading\" data-id=\"fed3477\" data-element_type=\"widget\" data-settings=\"{&quot;ekit_we_effect_on&quot;:&quot;none&quot;}\" data-widget_type=\"elementskit-heading.default\">\n<div class=\"elementor-widget-container\">\n<div class=\"ekit-wid-con\">\n<div class=\"ekit-heading elementskit-section-title-wraper text_left ekit_heading_tablet- ekit_heading_mobile-text_center\">\n<h2 class=\"ekit-heading--title elementskit-section-title \">\u00c1reas de atua\u00e7\u00e3o<\/h2>\n<\/div>\n<\/div>\n<\/div>\n<\/div>\n<div class=\"elementor-element elementor-element-a14f0df elementor-widget elementor-widget-text-editor\" data-id=\"a14f0df\" data-element_type=\"widget\" data-settings=\"{&quot;ekit_we_effect_on&quot;:&quot;none&quot;}\" data-widget_type=\"text-editor.default\">\n<div class=\"elementor-widget-container\">\n<p>O pedagogo, quando n\u00e3o ministra aulas, relaciona-se \u00e0 atua\u00e7\u00e3o do professor, tornando-se um apoio educacional. Geralmente, atua no ambiente escolar e institui\u00e7\u00f5es de ensino, por ser um profissional da Educa\u00e7\u00e3o, mas tamb\u00e9m pode exercer suas atividades em empresas privadas, ind\u00fastrias de brinquedos, meios de comunica\u00e7\u00e3o, \u00f3rg\u00e3os p\u00fablicos, hospitais e cl\u00ednicas de sa\u00fade infantil, orfanatos, creches, ONGs e no terceiro setor.<\/p>\n<div class=\"elementor-element elementor-element-8fccee2 elementor-position-left elementor-vertical-align-middle elementor-view-default elementor-mobile-position-top elementor-widget elementor-widget-icon-box\" data-id=\"8fccee2\" data-element_type=\"widget\" data-settings=\"{&quot;ekit_we_effect_on&quot;:&quot;none&quot;}\" data-widget_type=\"icon-box.default\">\n<div class=\"elementor-widget-container\">\n<div class=\"elementor-icon-box-wrapper\">\n<div class=\"elementor-icon-box-content\">\n<div class=\"elementor-element elementor-element-8fccee2 elementor-position-left elementor-vertical-align-middle elementor-view-default elementor-mobile-position-top elementor-widget elementor-widget-icon-box\" data-id=\"8fccee2\" data-element_type=\"widget\" data-settings=\"{&quot;ekit_we_effect_on&quot;:&quot;none&quot;}\" data-widget_type=\"icon-box.default\">\n<div class=\"elementor-widget-container\">\n<div class=\"elementor-icon-box-wrapper\">\n<div class=\"elementor-icon-box-content\">\n<h3 class=\"elementor-icon-box-title\">Dura\u00e7\u00e3o<\/h3>\n<p class=\"elementor-icon-box-description\">A partir de R$ 298,00<\/p>\n<h3 class=\"elementor-icon-box-title\">Dura\u00e7\u00e3o<\/h3>\n<p class=\"elementor-icon-box-description\">4 anos<\/p>\n<\/div>\n<\/div>\n<\/div>\n<\/div>\n<div class=\"elementor-element elementor-element-e026985 elementor-position-left elementor-vertical-align-middle elementor-view-default elementor-mobile-position-top elementor-widget elementor-widget-icon-box\" data-id=\"e026985\" data-element_type=\"widget\" data-settings=\"{&quot;ekit_we_effect_on&quot;:&quot;none&quot;}\" data-widget_type=\"icon-box.default\">\n<div class=\"elementor-widget-container\">\n<div class=\"elementor-icon-box-wrapper\">\n<div class=\"elementor-icon-box-content\">\n<h3 class=\"elementor-icon-box-title\">Certifica\u00e7\u00e3o conferida<\/h3>\n<p class=\"elementor-icon-box-description\">Licenciatura<\/p>\n<\/div>\n<\/div>\n<\/div>\n<\/div>\n<div class=\"elementor-element elementor-element-024e051 elementor-position-left elementor-vertical-align-middle elementor-view-default elementor-mobile-position-top elementor-widget elementor-widget-icon-box\" data-id=\"024e051\" data-element_type=\"widget\" data-settings=\"{&quot;ekit_we_effect_on&quot;:&quot;none&quot;}\" data-widget_type=\"icon-box.default\">\n<div class=\"elementor-widget-container\">\n<div class=\"elementor-icon-box-wrapper\">\n<div class=\"elementor-icon-box-content\">\n<h3 class=\"elementor-icon-box-title\">Modalidades<\/h3>\n<p class=\"elementor-icon-box-description\">Presencial (Em breve EAD 2023)<\/p>\n<\/div>\n<\/div>\n<\/div>\n<\/div>\n<\/div>\n<\/div>\n<\/div>\n<\/div>\n<\/div>\n<\/div>\n<\/div>\n<\/div>\n<\/div>\n<\/div>\n<\/div>\n<\/div>\n","protected":false},"excerpt":{"rendered":"<p>Sobre o curso Os licenciados em Pedagogia s\u00e3o habilitados a lecionar na Educa\u00e7\u00e3o Infantil e nas quatros primeiras s\u00e9ries do Ensino Fundamental. A Pedagogia oferece, al\u00e9m do magist\u00e9rio, outras alternativas de trabalho. A Psicopedagogia tem contratado in\u00fameros profissionais para atuar no acompanhamento de estudantes com dificuldade de aprendizado e em programas de orienta\u00e7\u00e3o profissional. H\u00e1 [&hellip;]<\/p>\n","protected":false},"featured_media":1596,"comment_status":"open","ping_status":"closed","template":"","meta":[],"product_cat":[52],"product_tag":[],"class_list":{"0":"post-1595","1":"product","2":"type-product","3":"status-publish","4":"has-post-thumbnail","6":"product_cat-graduacao","8":"first","9":"instock","10":"sale","11":"shipping-taxable","12":"purchasable","13":"product-type-simple"},"_links":{"self":[{"href":"https:\/\/erichfromm.edu.br\/index.php?rest_route=\/wp\/v2\/product\/1595","targetHints":{"allow":["GET"]}}],"collection":[{"href":"https:\/\/erichfromm.edu.br\/index.php?rest_route=\/wp\/v2\/product"}],"about":[{"href":"https:\/\/erichfromm.edu.br\/index.php?rest_route=\/wp\/v2\/types\/product"}],"replies":[{"embeddable":true,"href":"https:\/\/erichfromm.edu.br\/index.php?rest_route=%2Fwp%2Fv2%2Fcomments&post=1595"}],"wp:featuredmedia":[{"embeddable":true,"href":"https:\/\/erichfromm.edu.br\/index.php?rest_route=\/wp\/v2\/media\/1596"}],"wp:attachment":[{"href":"https:\/\/erichfromm.edu.br\/index.php?rest_route=%2Fwp%2Fv2%2Fmedia&parent=1595"}],"wp:term":[{"taxonomy":"product_cat","embeddable":true,"href":"https:\/\/erichfromm.edu.br\/index.php?rest_route=%2Fwp%2Fv2%2Fproduct_cat&post=1595"},{"taxonomy":"product_tag","embeddable":true,"href":"https:\/\/erichfromm.edu.br\/index.php?rest_route=%2Fwp%2Fv2%2Fproduct_tag&post=1595"}],"curies":[{"name":"wp","href":"https:\/\/api.w.org\/{rel}","templated":true}]}}