{"id":1608,"date":"2023-03-07T13:26:17","date_gmt":"2023-03-07T13:26:17","guid":{"rendered":"https:\/\/erichfromm.edu.br\/?post_type=product&#038;p=1608"},"modified":"2026-03-07T18:56:58","modified_gmt":"2026-03-07T18:56:58","slug":"bacharel-em-ciencias-contabeis","status":"publish","type":"product","link":"https:\/\/erichfromm.edu.br\/?product=bacharel-em-ciencias-contabeis","title":{"rendered":"BACHAREL EM CI\u00caNCIAS CONT\u00c1BEIS"},"content":{"rendered":"<div class=\"modal-header\">\n<h3 class=\"heading preset-3\">Informa\u00e7\u00f5es sobre Ci\u00eancias Cont\u00e1beis<\/h3>\n<p>&nbsp;<\/p>\n<\/div>\n<div class=\"modal-body\">\n<article>\n<h4 class=\"heading preset-5\">Conta mais!<\/h4>\n<div class=\"rich-text\">\n<p>O curso de Ci\u00eancias Cont\u00e1beis aborda a organiza\u00e7\u00e3o financeira de uma empresa. Nossos alunos aprendem sobre o controle de receitas, despesas e lucros de uma organiza\u00e7\u00e3o. As aulas ensinam a trabalhar com os registro de todas as atividades financeiras, a produ\u00e7\u00e3o de relat\u00f3rios e a elabora\u00e7\u00e3o de balan\u00e7os patrimoniais. A contabilidade est\u00e1 entre as dez profiss\u00f5es com a maior taxa de ocupa\u00e7\u00e3o do pa\u00eds. Uma pesquisa do Instituto de Pesquisa Econ\u00f4mica Aplicada (Ipea) revela que 93,87% dos profissionais de contabilidade est\u00e3o empregados.<\/p>\n<p>Com dura\u00e7\u00e3o de 4 anos (8 per\u00edodos), o curso de Ci\u00eancias Cont\u00e1beis oferece aulas quest\u00f5es sobre Tributa\u00e7\u00e3o, Recursos Humanos, Ger\u00eancia Financeira e Per\u00edcias Judiciais e Cont\u00e1beis. Teorias de contabilidade, legisla\u00e7\u00f5es e sistemas de informa\u00e7\u00f5es de diferentes \u00e1reas tamb\u00e9m s\u00e3o abordados. Durante a forma\u00e7\u00e3o, nossos alunos t\u00eam a oportunidade de participar de projetos de extens\u00e3o como o Projeto IRPF. Neste espa\u00e7o, ele aplicam os conhecimentos adquiridos em sala de aula para auxiliar contribuintes inexperientes a elaborar e a transmitir a Declara\u00e7\u00e3o de Ajuste Anual do Imposto sobre a Renda de Pessoa F\u00edsica (DIRPF).<\/p>\n<div class=\"section-headline\">\n<h2 class=\"heading preset-2\">O profissional<\/h2>\n<\/div>\n<div class=\"row\">\n<div class=\"col-lg-6\">\n<div class=\"card-media space\">\n<h3 class=\"heading preset-4\">Gosta de n\u00fameros<\/h3>\n<p>\u00c9 fundamental que o profissional que deseja seguir carreira em qualquer \u00e1rea cont\u00e1bil goste de n\u00fameros, c\u00e1lculos e resolu\u00e7\u00e3o problemas.<\/p>\n<\/div>\n<\/div>\n<div class=\"col-lg-6\">\n<div class=\"card-media space\">\n<h3 class=\"heading preset-4\">Afinidade com tecnologia<\/h3>\n<p>Gostar de tecnologia e linguagens de programa\u00e7\u00e3o \u00e9 importante para quem decide por trabalhar em \u00e1reas da contabilidade.<\/p>\n<\/div>\n<\/div>\n<div class=\"col-lg-6\">\n<div class=\"card-media space\">\n<h3 class=\"heading preset-4\">Concentrado<\/h3>\n<p>Ter disciplina e ser organizado s\u00e3o caracter\u00edsticas importantes para trabalhar com n\u00fameros e c\u00e1lculos.<\/p>\n<\/div>\n<\/div>\n<div class=\"col-lg-6\">\n<div class=\"card-media space\">\n<h3 class=\"heading preset-4\">Anal\u00edtico<\/h3>\n<p>Ter racioc\u00ednio l\u00f3gico \u00e9 importante para solucionar problemas de forma r\u00e1pida.<\/p>\n<div class=\"section-headline\">\n<h2 class=\"heading preset-2\">\u00c1rea de atua\u00e7\u00e3o<\/h2>\n<\/div>\n<div class=\"container\">\n<div class=\"swiper-container swiper-container-initialized swiper-container-horizontal swiper-container-autoheight swiper-slides-three\">\n<div class=\"swiper-wrapper\">\n<div class=\"swiper-slide swiper-slide-active\">\n<div class=\"card-media\">\n<p><img decoding=\"async\" src=\"https:\/\/liferay-cdn.estacioprd.net\/documents\/20124\/381383\/AUDITOR.JPG\/38851c52-983b-6162-3fac-3b475fe9e35f?t=1587734594289\" \/><\/p>\n<h3 class=\"heading preset-4\">Auditor<\/h3>\n<p>Fiscaliza as contas de uma empresa, institui\u00e7\u00e3o p\u00fablica ou n\u00e3o governamental. Ele confere registros e dados em livros cont\u00e1beis e balan\u00e7os.<\/p>\n<\/div>\n<\/div>\n<div class=\"swiper-slide swiper-slide-next\">\n<div class=\"card-media\">\n<p><img decoding=\"async\" src=\"https:\/\/liferay-cdn.estacioprd.net\/documents\/20124\/381383\/GERENTE+DE+CONTAS.JPG\/bd1c132f-b256-6d10-7e03-3efa388900f3?t=1587734593133\" \/><\/p>\n<h3 class=\"heading preset-4\">Gerente de contas<\/h3>\n<p>Registra e analisa as opera\u00e7\u00f5es financeiras e patrimoniais de uma empresa. Ele acompanha transa\u00e7\u00f5es e fornece dados para a tomada de decis\u00f5es.<\/p>\n<\/div>\n<\/div>\n<div class=\"swiper-slide\">\n<div class=\"card-media\">\n<p><img decoding=\"async\" src=\"https:\/\/liferay-cdn.estacioprd.net\/documents\/20124\/381383\/PERITO+CONTABIL.JPG\/51ece988-fda4-e1b4-0f4e-c908eb382cbb?t=1587734593781\" \/><\/p>\n<h3 class=\"heading preset-4\">Perito cont\u00e1bil<\/h3>\n<p>Analisa o conjunto completo das opera\u00e7\u00f5es financeiras de um estabelecimento em busca de informa\u00e7\u00f5es. Seu objetivo \u00e9 saber se houve ou n\u00e3o fraude patrimonial e fiscal.<\/p>\n<\/div>\n<\/div>\n<div class=\"swiper-slide\">\n<div class=\"card-media\">\n<p><img decoding=\"async\" src=\"https:\/\/liferay-cdn.estacioprd.net\/documents\/20124\/381383\/CONSULTOR+DE+PLANEJAMENTO.JPG\/4c243323-d8d2-d81b-2734-09e01f33e300?t=1587734594699\" \/><\/p>\n<h3 class=\"heading preset-4\">Consultor de planejamento<\/h3>\n<p>Analisa a\u00e7\u00f5es de diversas \u00e1reas da empresa e prop\u00f5e medidas com o objetivo de equilibrar as contas e melhorar a rentabilidade do neg\u00f3cio.<\/p>\n<div class=\"modal-header\">\n<h3 class=\"heading preset-3\">Grade curricular Presencial<\/h3>\n<p>&nbsp;<\/p>\n<\/div>\n<div class=\"modal-body\">\n<article>\n<h4 class=\"heading preset-5\">Confira as mat\u00e9rias do curso de Ci\u00eancias Cont\u00e1beis:<\/h4>\n<div class=\"rich-text\">\n<ul>\n<li>COMPORTAMENTO ORGANIZACIONAL<\/li>\n<li>ECONOMIA EMPRESARIAL<\/li>\n<li>MATEM\u00c1TICA EMPRESARIAL<\/li>\n<li>PRINC\u00cdPIOS DE GEST\u00c3O<\/li>\n<li>CONTABILIDADE GERAL<\/li>\n<li>INOVA\u00c7\u00c3O E EMPREENDEDORISMO<\/li>\n<li>LEGISLA\u00c7\u00c3O FISCAL, TRABALHISTA E PREVIDENCI\u00c1RIA<\/li>\n<li>PENSAMENTO COMPUTACIONAL<\/li>\n<li>TEORIA DA CONTABILIDADE<\/li>\n<li>CI\u00caNCIAS HUMANAS E SOCIAIS<\/li>\n<li>CONTABILIDADE COMERCIAL E FINANCEIRA<\/li>\n<li>CONTABILIDADE E AN\u00c1LISE DE CUSTOS<\/li>\n<li>ESTAT\u00cdSTICA E PROBABILIDADE<\/li>\n<li>L\u00cdNGUA PORTUGUESA<\/li>\n<li>MATEM\u00c1TICA FINANCEIRA<\/li>\n<li>CONTABILIDADE GERENCIAL<\/li>\n<li>DIREITO EMPRESARIAL E DO CONSUMIDOR<\/li>\n<li>ESTRUTURA DAS DEMONSTRA\u00c7\u00d5ES CONT\u00c1BEIS<\/li>\n<li>GERENCIAMENTO DE PROJETOS<\/li>\n<li>M\u00c9TODOS QUANTITATIVOS<\/li>\n<li>CI\u00caNCIAS ATUARIAIS<\/li>\n<li>CONTABILIDADE SOCIET\u00c1RIA<\/li>\n<li>CONTABILIDADE TRIBUT\u00c1RIA<\/li>\n<li>SISTEMAS DE INFORMA\u00c7\u00d5ES CONT\u00c1BEIS<\/li>\n<li>CONTABILIDADE E OR\u00c7AMENTO P\u00daBLICO<\/li>\n<li>GERENCIAMENTO OR\u00c7AMENT\u00c1RIO<\/li>\n<li>GEST\u00c3O SOCIET\u00c1RIA<\/li>\n<li>GEST\u00c3O TRIBUT\u00c1RIA E SPED<\/li>\n<li>CONTABILIDADE INTERNACIONAL<\/li>\n<li>GEST\u00c3O FINANCEIRA<\/li>\n<li>GOVERNAN\u00c7A CORPORATIVA, RISCO E COMPLIANCE<\/li>\n<li>PER\u00cdCIA CONT\u00c1BIL E ARBITRAGEM<\/li>\n<li>AUDITORIA CONT\u00c1BIL E OPERACIONAL<\/li>\n<li>CONTROLADORIA<\/li>\n<li>EST\u00c1GIO SUPERVISIONADO EM CI\u00caNCIAS CONT\u00c1BEIS<\/li>\n<li>MERCADO FINANCEIRO<\/li>\n<li>T\u00d3PICOS EM LIBRAS: SURDEZ E INCLUS\u00c3O<\/li>\n<\/ul>\n<\/div>\n<div class=\"block\">\n<p><img decoding=\"async\" src=\"https:\/\/estacio.br\/assets\/imgs\/curso\/icone-duracao.svg\" \/>Dura\u00e7\u00e3o <strong>4 anos<\/strong><\/p>\n<\/div>\n<div class=\"block\">\n<p><img decoding=\"async\" src=\"https:\/\/estacio.br\/assets\/imgs\/curso\/icone-certificado.svg\" \/>Certifica\u00e7\u00e3o conferida <strong>Bacharelado<\/strong><\/p>\n<\/div>\n<div class=\"block\">\n<p><img decoding=\"async\" src=\"https:\/\/estacio.br\/assets\/imgs\/curso\/icone-modalidade.svg\" \/>Modelos de Ensino <strong>Presencial\/<\/strong><strong>Semipresencial<\/strong><\/p>\n<\/div>\n<\/article>\n<\/div>\n<\/div>\n<\/div>\n<\/div>\n<\/div>\n<\/div>\n<\/div>\n<\/div>\n<\/div>\n<\/div>\n<\/article>\n<\/div>\n","protected":false},"excerpt":{"rendered":"<p>Informa\u00e7\u00f5es sobre Ci\u00eancias Cont\u00e1beis &nbsp; Conta mais! O curso de Ci\u00eancias Cont\u00e1beis aborda a organiza\u00e7\u00e3o financeira de uma empresa. Nossos alunos aprendem sobre o controle de receitas, despesas e lucros de uma organiza\u00e7\u00e3o. As aulas ensinam a trabalhar com os registro de todas as atividades financeiras, a produ\u00e7\u00e3o de relat\u00f3rios e a elabora\u00e7\u00e3o de balan\u00e7os [&hellip;]<\/p>\n","protected":false},"featured_media":1609,"comment_status":"open","ping_status":"closed","template":"","meta":[],"product_cat":[52],"product_tag":[],"class_list":{"0":"post-1608","1":"product","2":"type-product","3":"status-publish","4":"has-post-thumbnail","6":"product_cat-graduacao","8":"first","9":"instock","10":"sale","11":"shipping-taxable","12":"purchasable","13":"product-type-simple"},"_links":{"self":[{"href":"https:\/\/erichfromm.edu.br\/index.php?rest_route=\/wp\/v2\/product\/1608","targetHints":{"allow":["GET"]}}],"collection":[{"href":"https:\/\/erichfromm.edu.br\/index.php?rest_route=\/wp\/v2\/product"}],"about":[{"href":"https:\/\/erichfromm.edu.br\/index.php?rest_route=\/wp\/v2\/types\/product"}],"replies":[{"embeddable":true,"href":"https:\/\/erichfromm.edu.br\/index.php?rest_route=%2Fwp%2Fv2%2Fcomments&post=1608"}],"wp:featuredmedia":[{"embeddable":true,"href":"https:\/\/erichfromm.edu.br\/index.php?rest_route=\/wp\/v2\/media\/1609"}],"wp:attachment":[{"href":"https:\/\/erichfromm.edu.br\/index.php?rest_route=%2Fwp%2Fv2%2Fmedia&parent=1608"}],"wp:term":[{"taxonomy":"product_cat","embeddable":true,"href":"https:\/\/erichfromm.edu.br\/index.php?rest_route=%2Fwp%2Fv2%2Fproduct_cat&post=1608"},{"taxonomy":"product_tag","embeddable":true,"href":"https:\/\/erichfromm.edu.br\/index.php?rest_route=%2Fwp%2Fv2%2Fproduct_tag&post=1608"}],"curies":[{"name":"wp","href":"https:\/\/api.w.org\/{rel}","templated":true}]}}