{"id":1614,"date":"2023-03-07T13:34:25","date_gmt":"2023-03-07T13:34:25","guid":{"rendered":"https:\/\/erichfromm.edu.br\/?post_type=product&#038;p=1614"},"modified":"2025-02-05T00:51:06","modified_gmt":"2025-02-05T00:51:06","slug":"bacharel-em-sistema-de-informacoes","status":"publish","type":"product","link":"https:\/\/erichfromm.edu.br\/?product=bacharel-em-sistema-de-informacoes","title":{"rendered":"BACHAREL EM SISTEMA DE INFORMA\u00c7\u00d5ES COM ENFASE EM INTELIG\u00caNCIA ARTIFICIAL"},"content":{"rendered":"<div class=\"modal-header\">\n<h3 class=\"heading preset-3\">Informa\u00e7\u00f5es sobre Sistemas de Informa\u00e7\u00e3o<\/h3>\n<p>&nbsp;<\/p>\n<\/div>\n<div class=\"modal-body\">\n<article>\n<h4 class=\"heading preset-5\">Conta mais!<\/h4>\n<div class=\"rich-text\">\n<p>O curso de Sistemas de Informa\u00e7\u00e3o apresenta aos nossos alunos o universo do fluxo de dados que circulam por redes de computadores. Eles aprendem a desenvolver processos e sistemas de inform\u00e1tica, com o objetivo de disponibilizar esse material para usu\u00e1rios de redes. O mercado de trabalho nesta \u00e1rea \u00e9 amplo e segue em curva crescente no Brasil.<\/p>\n<p>O curso de Sistemas de Informa\u00e7\u00e3o, com dura\u00e7\u00e3o de 4 anos (8 per\u00edodos), apresenta aos nossos alunos, disciplinas como Matem\u00e1tica, C\u00e1lculo Diferencial e Algoritmos para o melhor entendimento das teorias aplicadas neste setor. Na parte espec\u00edfica do curso, os estudantes aprendem sobre linguagem de programa\u00e7\u00e3o, bancos de dados e engenharia de software. A arquitetura de redes de computadores tamb\u00e9m est\u00e1 entre os conte\u00fados ensinados. A maior demanda por profissionais est\u00e1 nos grandes centros, que concentram os maiores desenvolvedores de software.<\/p>\n<\/div>\n<div class=\"section-headline\">\n<h2 class=\"heading preset-2\">O profissional<\/h2>\n<\/div>\n<div class=\"row\">\n<div class=\"col-lg-6\">\n<div class=\"card-media space\">\n<h3 class=\"heading preset-4\">Gosta de Matem\u00e1tica<\/h3>\n<p>Um bom profissional deve ter afinidade com matem\u00e1tica, gostar de tecnologia e inform\u00e1tica.<\/p>\n<\/div>\n<\/div>\n<div class=\"col-lg-6\">\n<div class=\"card-media space\">\n<h3 class=\"heading preset-4\">Antenado<\/h3>\n<p>\u00c9 fundamental que o profissional esteja por dentro das novas tend\u00eancias tecnol\u00f3gicas.<\/p>\n<\/div>\n<\/div>\n<div class=\"col-lg-6\">\n<div class=\"card-media space\">\n<h3 class=\"heading preset-4\">\u00c1gil<\/h3>\n<p>Ser r\u00e1pido na identifica\u00e7\u00e3o de problemas e suas solu\u00e7\u00f5es \u00e9 uma caracter\u00edstica importante.<\/p>\n<\/div>\n<\/div>\n<div class=\"col-lg-6\">\n<div class=\"card-media space\">\n<h3 class=\"heading preset-4\">Concentrado:<\/h3>\n<p>Ter disciplina e ser organizado s\u00e3o caracter\u00edsticas importantes para trabalhar com inform\u00e1tica.<\/p>\n<div class=\"section-headline\">\n<h2 class=\"heading preset-2\">\u00c1rea de atua\u00e7\u00e3o<\/h2>\n<\/div>\n<div class=\"container\">\n<div class=\"swiper-container swiper-container-initialized swiper-container-horizontal swiper-container-autoheight swiper-slides-three\">\n<div class=\"swiper-wrapper\">\n<div class=\"swiper-slide swiper-slide-active\">\n<div class=\"card-media\">\n<p><img decoding=\"async\" src=\"https:\/\/liferay-cdn.estacioprd.net\/documents\/20124\/386987\/AGENTE+DE+DESENVOLVIMENTO.jpg\/58fd1e79-aa6e-6933-f1dc-e6c75aaf4f03?t=1587737254286\" \/><\/p>\n<h3 class=\"heading preset-4\">Agente de desenvolvimento de softwares<\/h3>\n<p>Projeta e desenvolve sistemas e cuida da funcionalidade de sites.<\/p>\n<\/div>\n<\/div>\n<div class=\"swiper-slide swiper-slide-next\">\n<div class=\"card-media\">\n<p><img decoding=\"async\" src=\"https:\/\/liferay-cdn.estacioprd.net\/documents\/20124\/386987\/PROFESSOR+DE+INFORMATICA.jpg\/ba9b6299-23f7-0dbf-25d8-9ac0c4dddbc8?t=1587737255434\" \/><\/p>\n<h3 class=\"heading preset-4\">Professor de Inform\u00e1tica<\/h3>\n<p>D\u00e1 aulas em escolas de ensinos Fundamental, M\u00e9dio e T\u00e9cnico.<\/p>\n<\/div>\n<\/div>\n<div class=\"swiper-slide\">\n<div class=\"card-media\">\n<p><img decoding=\"async\" src=\"https:\/\/liferay-cdn.estacioprd.net\/documents\/20124\/386987\/ANALISTA+DE+FLUXO+DE+INFORMACAO.jpg\/7deb3c8c-2d07-1771-1385-c268721d517c?t=1587737254643\" \/><\/p>\n<h3 class=\"heading preset-4\">Analista de fluxo de informa\u00e7\u00e3o<\/h3>\n<p>Moderniza e agiliza o processo de comunica\u00e7\u00e3o de uma empresa ao criar, adaptar e instalar programas.<\/p>\n<\/div>\n<\/div>\n<div class=\"swiper-slide\">\n<div class=\"card-media\">\n<p><img decoding=\"async\" src=\"https:\/\/liferay-cdn.estacioprd.net\/documents\/20124\/386987\/GERENTE+DE+PROJETOS.jpg\/cd692a09-a0e3-e11f-9fbd-2401b68337df?t=1587737255032\" \/><\/p>\n<h3 class=\"heading preset-4\">Gerente de projetos<\/h3>\n<p>Faz a interliga\u00e7\u00e3o entre a administra\u00e7\u00e3o da empresa e a \u00e1rea de computa\u00e7\u00e3o.<\/p>\n<div class=\"modal-header\">\n<h3 class=\"heading preset-3\">Grade curricular Presencial<\/h3>\n<p>&nbsp;<\/p>\n<\/div>\n<div class=\"modal-body\">\n<article>\n<h4 class=\"heading preset-5\">Confira as mat\u00e9rias do curso de Sistemas de Informa\u00e7\u00e3o:<\/h4>\n<div class=\"rich-text\">\n<ul>\n<li>ARQUITETURA DE COMPUTADORES<\/li>\n<li>FUNDAMENTOS DE REDES DE COMPUTADORES<\/li>\n<li>INTRODU\u00c7\u00c3O \u00c0 PROGRAMA\u00c7\u00c3O ESTRUTURADA EM C<\/li>\n<li>INTRODU\u00c7\u00c3O \u00c0 SEGURAN\u00c7A DA INFORMA\u00c7\u00c3O<\/li>\n<li>BANCO DE DADOS<\/li>\n<li>COMPUTA\u00c7\u00c3O EM NUVEM E WEB SERVICES EM LINUX<\/li>\n<li>DESENV. WEB EM HTML5, CSS, JAVASCRIPT E PHP<\/li>\n<li>PARADIGMAS DE LINGUAGENS DE PROGRAMA\u00c7\u00c3O EM PYTHON<\/li>\n<li>PENSAMENTO COMPUTACIONAL<\/li>\n<li>ENGENHARIA DE SOFTWARE<\/li>\n<li>ENGENHARIA DE USABILIDADE<\/li>\n<li>ESTRUTURA DE DADOS EM C<\/li>\n<li>GEST\u00c3O DE SERVI\u00c7OS DE TI<\/li>\n<li>L\u00cdNGUA PORTUGUESA<\/li>\n<li>SISTEMAS OPERACIONAIS<\/li>\n<li>GERENCIAMENTO DE PROJETOS<\/li>\n<li>GOVERNAN\u00c7A DE TI COM ITIL<\/li>\n<li>MATEM\u00c1TICA E L\u00d3GICA<\/li>\n<li>MODELAGEM DE SISTEMAS EM UML<\/li>\n<li>M\u00c9TODOS QUANTITATIVOS<\/li>\n<li>AN\u00c1LISE DE DADOS<\/li>\n<li>GEST\u00c3O DE INFRAESTRUTURA DE DATACENTER<\/li>\n<li>MODELAGEM DE PROCESSOS<\/li>\n<li>SEGURAN\u00c7A CIBERN\u00c9TICA<\/li>\n<li>SISTEMAS DISTRIBU\u00cdDOS E COMPUTA\u00c7\u00c3O PARALELA<\/li>\n<li>ALGORITMOS E COMPLEXIDADE<\/li>\n<li>IMPLANTA\u00c7\u00c3O DE GOVERNAN\u00c7A COM COBIT<\/li>\n<li>INTELIG\u00caNCIA ARTIFICIAL<\/li>\n<li>PROGRAMA\u00c7\u00c3O ORIENTADA A OBJETOS EM JAVA<\/li>\n<li>DIREITO CIBERN\u00c9TICO<\/li>\n<li>PADR\u00d5ES DE PROJETOS DE SOFTWARE COM JAVA<\/li>\n<li>PROGRAMA\u00c7\u00c3O PARA DISPOSITIVOS M\u00d3VEIS EM ANDROID<\/li>\n<li>SISTEMAS DE APOIO A DECIS\u00c3O<\/li>\n<li>APLIC. DE CLOUD, IOT E IND\u00daSTRIA 4.0 EM PYTHON<\/li>\n<li>INDICADORES DE DESEMPENHO DE TI<\/li>\n<li>M\u00c9TODOS \u00c1GEIS COM SCRUM<\/li>\n<li>T\u00d3PICOS DE BIG DATA EM PYTHON<\/li>\n<li>T\u00d3PICOS EM LIBRAS: SURDEZ E INCLUS\u00c3O<\/li>\n<\/ul>\n<p>&nbsp;<\/p>\n<div class=\"block\">\n<p><img decoding=\"async\" src=\"https:\/\/estacio.br\/assets\/imgs\/curso\/icone-duracao.svg\" \/>Dura\u00e7\u00e3o <strong>4 anos<\/strong><\/p>\n<\/div>\n<div class=\"block\">\n<p><img decoding=\"async\" src=\"https:\/\/estacio.br\/assets\/imgs\/curso\/icone-certificado.svg\" \/>Certifica\u00e7\u00e3o conferida <strong>Bacharelado<\/strong><\/p>\n<\/div>\n<div class=\"block\">\n<p><img decoding=\"async\" src=\"https:\/\/estacio.br\/assets\/imgs\/curso\/icone-modalidade.svg\" \/>Modelos de Ensino <strong>Presencial<\/strong><\/p>\n<\/div>\n<\/div>\n<\/article>\n<\/div>\n<\/div>\n<\/div>\n<\/div>\n<\/div>\n<\/div>\n<\/div>\n<\/div>\n<\/div>\n<\/article>\n<\/div>\n","protected":false},"excerpt":{"rendered":"<p>Informa\u00e7\u00f5es sobre Sistemas de Informa\u00e7\u00e3o &nbsp; Conta mais! O curso de Sistemas de Informa\u00e7\u00e3o apresenta aos nossos alunos o universo do fluxo de dados que circulam por redes de computadores. Eles aprendem a desenvolver processos e sistemas de inform\u00e1tica, com o objetivo de disponibilizar esse material para usu\u00e1rios de redes. O mercado de trabalho nesta [&hellip;]<\/p>\n","protected":false},"featured_media":1615,"comment_status":"open","ping_status":"closed","template":"","meta":[],"product_cat":[52],"product_tag":[],"class_list":{"0":"post-1614","1":"product","2":"type-product","3":"status-publish","4":"has-post-thumbnail","6":"product_cat-graduacao","8":"first","9":"instock","10":"sale","11":"featured","12":"shipping-taxable","13":"purchasable","14":"product-type-simple"},"_links":{"self":[{"href":"https:\/\/erichfromm.edu.br\/index.php?rest_route=\/wp\/v2\/product\/1614","targetHints":{"allow":["GET"]}}],"collection":[{"href":"https:\/\/erichfromm.edu.br\/index.php?rest_route=\/wp\/v2\/product"}],"about":[{"href":"https:\/\/erichfromm.edu.br\/index.php?rest_route=\/wp\/v2\/types\/product"}],"replies":[{"embeddable":true,"href":"https:\/\/erichfromm.edu.br\/index.php?rest_route=%2Fwp%2Fv2%2Fcomments&post=1614"}],"wp:featuredmedia":[{"embeddable":true,"href":"https:\/\/erichfromm.edu.br\/index.php?rest_route=\/wp\/v2\/media\/1615"}],"wp:attachment":[{"href":"https:\/\/erichfromm.edu.br\/index.php?rest_route=%2Fwp%2Fv2%2Fmedia&parent=1614"}],"wp:term":[{"taxonomy":"product_cat","embeddable":true,"href":"https:\/\/erichfromm.edu.br\/index.php?rest_route=%2Fwp%2Fv2%2Fproduct_cat&post=1614"},{"taxonomy":"product_tag","embeddable":true,"href":"https:\/\/erichfromm.edu.br\/index.php?rest_route=%2Fwp%2Fv2%2Fproduct_tag&post=1614"}],"curies":[{"name":"wp","href":"https:\/\/api.w.org\/{rel}","templated":true}]}}